{"id":352,"date":"2019-03-06T13:01:45","date_gmt":"2019-03-06T13:01:45","guid":{"rendered":"https:\/\/colibriwp-work.colibriwp.com\/business-ii\/?page_id=352"},"modified":"2025-10-23T07:35:36","modified_gmt":"2025-10-23T07:35:36","slug":"proyecto","status":"publish","type":"page","link":"https:\/\/3rcirculart.com\/?page_id=352","title":{"rendered":"Proyecto"},"content":{"rendered":"<div data-colibri-id=\"352-c1\" class=\"style-537 style-local-352-c1 position-relative\">\n  <!---->\n  <div data-colibri-component=\"section\" data-colibri-id=\"352-c77\" id=\"custom\" class=\"h-section h-section-global-spacing d-flex align-items-lg-center align-items-md-center align-items-center style-847 style-local-352-c77 position-relative\">\n    <!---->\n    <!---->\n    <div class=\"h-section-grid-container h-section-boxed-container\">\n      <!---->\n      <div data-colibri-id=\"352-c78\" class=\"h-row-container gutters-row-lg-2 gutters-row-md-2 gutters-row-0 gutters-row-v-lg-2 gutters-row-v-md-2 gutters-row-v-2 style-848 style-local-352-c78 position-relative\">\n        <!---->\n        <div class=\"h-row justify-content-lg-center justify-content-md-center justify-content-center align-items-lg-stretch align-items-md-stretch align-items-stretch gutters-col-lg-2 gutters-col-md-2 gutters-col-0 gutters-col-v-lg-2 gutters-col-v-md-2 gutters-col-v-2\">\n          <!---->\n          <div class=\"h-column h-column-container d-flex h-col-lg-auto h-col-md-auto h-col-auto style-849-outer style-local-352-c79-outer\">\n            <div data-colibri-id=\"352-c79\" class=\"d-flex h-flex-basis h-column__inner h-px-lg-2 h-px-md-2 h-px-2 v-inner-lg-2 v-inner-md-2 v-inner-2 style-849 style-local-352-c79 position-relative\">\n              <!---->\n              <!---->\n              <div class=\"w-100 h-y-container h-column__content h-column__v-align flex-basis-100 align-self-lg-start align-self-md-start align-self-start\">\n                <!---->\n                <div data-colibri-id=\"352-c81\" class=\"h-text h-text-component style-851 style-local-352-c81 position-relative h-element\">\n                  <!---->\n                  <!---->\n                  <div class=\"\">\n                    <p><span style=\"font-family: Montserrat; font-size: 129%; color: rgb(14, 193, 97); font-weight: 500;\">VALOR A\u00d1ADIDO<\/span><span style=\"font-family: Montserrat; font-size: 129%; color: rgb(70, 112, 127); font-weight: 500;\"> <\/span>\n                      <span\n                        style=\"font-family: Montserrat; font-size: 129%; color: rgb(70, 112, 127); font-weight: 600;\">DEL PROYECTO<\/span>\n                    <\/p>\n                    <p><span style=\"font-family: Montserrat; font-size: 129%; font-weight: 500;\">Contribuir a los principios de la Econom\u00eda Circular, <\/span><span style=\"font-family: Montserrat; font-size: 129%;\">minimizando la cantidad de deshecho que se desplaza a vertedero.<\/span><\/p>\n                    <p><span style=\"font-family: Montserrat; font-size: 129%; font-weight: 500;\">Alinearse con los avances impulsados tanto de la Uni\u00f3n Europea como desde el propio MITECO<\/span><span style=\"font-family: Montserrat; font-size: 129%;\"> para que Espa\u00f1a cumpla con la obligatoriedad de determinar los objetivos de reutilizaci\u00f3n y reciclado para residuos de textiles en 2024.<\/span><\/p>\n                    <p><span style=\"font-family: Montserrat; font-size: 129%;\">La <\/span><span style=\"font-family: Montserrat; font-size: 129%; font-weight: 500;\">generaci\u00f3n de conocimiento para la comunidad donde se implante, <\/span><span style=\"font-family: Montserrat; font-size: 129%;\">toda vez que se dota de una <\/span>\n                      <span\n                        style=\"font-family: Montserrat; font-size: 129%; font-weight: 500;\">tecnolog\u00eda innovadora.<\/span>\n                    <\/p>\n                    <p><span style=\"font-family: Montserrat; font-size: 129%;\">Ser un <\/span><span style=\"font-family: Montserrat; font-size: 129%; font-weight: 500;\">elemento dinamizador de I+D+i<\/span><span style=\"font-family: Montserrat; font-size: 129%;\"> dado que se generan m\u00faltiples oportunidades de negocio en diversos \u00e1mbitos para el <\/span>\n                      <span\n                        style=\"font-family: Montserrat; font-size: 129%; font-weight: 500;\">aprovechamiento del residuo textil.<\/span>\n                    <\/p>\n                  <\/div>\n                <\/div>\n              <\/div>\n            <\/div>\n          <\/div>\n          <div class=\"h-column h-column-container d-flex h-col-lg-auto h-col-md-auto h-col-auto style-850-outer style-local-352-c80-outer\">\n            <div data-colibri-id=\"352-c80\" class=\"d-flex h-flex-basis h-column__inner h-px-lg-2 h-px-md-2 h-px-2 v-inner-lg-2 v-inner-md-2 v-inner-2 style-850 style-local-352-c80 position-relative\">\n              <!---->\n              <!---->\n              <div class=\"w-100 h-y-container h-column__content h-column__v-align flex-basis-100 align-self-lg-start align-self-md-start align-self-start\">\n                <!---->\n                <div data-colibri-id=\"352-c82\" class=\"d-block style-852 style-local-352-c82 position-relative h-element\">\n                  <!---->\n                  <div class=\"h-image__frame-container-outer\">\n                    <div class=\"h-image__frame-container\">\n                      <!---->\n                      <!---->\n                      <img loading=\"lazy\" decoding=\"async\" width=\"761\" height=\"439\" src=\"https:\/\/3rcirculart.com\/wp-content\/uploads\/2025\/10\/cropped-muro-verde-con-suculentas-y-helechos-en-South-Coast-Botanic-Garden-SL-2-1000px.jpg\" class=\"wp-image-3217 style-852-image style-local-352-c82-image\" alt=\"\" srcset=\"https:\/\/3rcirculart.com\/wp-content\/uploads\/2025\/10\/cropped-muro-verde-con-suculentas-y-helechos-en-South-Coast-Botanic-Garden-SL-2-1000px.jpg 761w, https:\/\/3rcirculart.com\/wp-content\/uploads\/2025\/10\/cropped-muro-verde-con-suculentas-y-helechos-en-South-Coast-Botanic-Garden-SL-2-1000px-300x173.jpg 300w\" sizes=\"auto, (max-width: 761px) 100vw, 761px\" \/>\n                      <div class=\"h-image__frame h-hide-lg h-hide-md h-hide-sm style-852-frameImage style-local-352-c82-frameImage\"><\/div>\n                    <\/div>\n                  <\/div>\n                <\/div>\n              <\/div>\n            <\/div>\n          <\/div>\n        <\/div>\n      <\/div>\n    <\/div>\n  <\/div>\n  <div data-colibri-component=\"section\" data-colibri-id=\"352-c83\" id=\"custom-2\" class=\"h-section h-section-global-spacing d-flex align-items-lg-center align-items-md-center align-items-center style-853 style-local-352-c83 position-relative\">\n    <!---->\n    <!---->\n    <div class=\"h-section-grid-container h-section-boxed-container\">\n      <!---->\n      <div data-colibri-id=\"352-c84\" class=\"h-row-container gutters-row-lg-2 gutters-row-md-2 gutters-row-0 gutters-row-v-lg-2 gutters-row-v-md-2 gutters-row-v-2 style-854 style-local-352-c84 position-relative\">\n        <!---->\n        <div class=\"h-row justify-content-lg-center justify-content-md-center justify-content-center align-items-lg-stretch align-items-md-stretch align-items-stretch gutters-col-lg-2 gutters-col-md-2 gutters-col-0 gutters-col-v-lg-2 gutters-col-v-md-2 gutters-col-v-2\">\n          <!---->\n          <div class=\"h-column h-column-container d-flex h-col-lg-auto h-col-md-auto h-col-auto style-855-outer style-local-352-c85-outer\">\n            <div data-colibri-id=\"352-c85\" class=\"d-flex h-flex-basis h-column__inner h-px-lg-2 h-px-md-2 h-px-2 v-inner-lg-2 v-inner-md-2 v-inner-2 style-855 style-local-352-c85 position-relative\">\n              <!---->\n              <!---->\n              <div class=\"w-100 h-y-container h-column__content h-column__v-align flex-basis-100 align-self-lg-start align-self-md-start align-self-start\">\n                <!---->\n                <div data-colibri-id=\"352-c88\" class=\"d-block style-858 style-local-352-c88 position-relative h-element\">\n                  <!---->\n                  <div class=\"h-image__frame-container-outer\">\n                    <div class=\"h-image__frame-container\">\n                      <!---->\n                      <!---->\n                      <img loading=\"lazy\" decoding=\"async\" width=\"546\" height=\"357\" src=\"https:\/\/3rcirculart.com\/wp-content\/uploads\/2025\/10\/ropa.jpg\" class=\"wp-image-3218 style-858-image style-local-352-c88-image\" alt=\"\" srcset=\"https:\/\/3rcirculart.com\/wp-content\/uploads\/2025\/10\/ropa.jpg 546w, https:\/\/3rcirculart.com\/wp-content\/uploads\/2025\/10\/ropa-300x196.jpg 300w\" sizes=\"auto, (max-width: 546px) 100vw, 546px\" \/>\n                      <div class=\"h-image__frame h-hide-lg h-hide-md h-hide-sm style-858-frameImage style-local-352-c88-frameImage\"><\/div>\n                    <\/div>\n                  <\/div>\n                <\/div>\n              <\/div>\n            <\/div>\n          <\/div>\n          <div class=\"h-column h-column-container d-flex h-col-lg-auto h-col-md-auto h-col-auto style-856-outer style-local-352-c86-outer\">\n            <div data-colibri-id=\"352-c86\" class=\"d-flex h-flex-basis h-column__inner h-px-lg-2 h-px-md-2 h-px-2 v-inner-lg-2 v-inner-md-2 v-inner-2 style-856 style-local-352-c86 position-relative\">\n              <!---->\n              <!---->\n              <div class=\"w-100 h-y-container h-column__content h-column__v-align flex-basis-100 align-self-lg-start align-self-md-start align-self-start\">\n                <!---->\n                <div data-colibri-id=\"352-c87\" class=\"h-text h-text-component style-857 style-local-352-c87 position-relative h-element\">\n                  <!---->\n                  <!---->\n                  <div class=\"\">\n                    <p>\n                      <br>\n                    <\/p>\n                    <p><span style=\"font-size: 129%; font-family: Montserrat; font-weight: 500;\">Optimizar el proceso de preparaci\u00f3n para la reutilizaci\u00f3n<\/span><span style=\"font-size: 129%; font-family: Montserrat;\">, al realizarse el mismo de forma mecanizada y automatizada.<\/span><\/p>\n                    <p><span style=\"font-size: 129%; font-family: Montserrat;\">Realizar una <\/span><span style=\"font-size: 129%; font-family: Montserrat; font-weight: 500;\">clasificaci\u00f3n por calidades<\/span><span style=\"font-size: 129%; font-family: Montserrat;\"> adecuada a la demanda del sector para el tratamiento del residuo textil ya clasificado.<\/span><\/p>\n                    <p><span style=\"font-size: 129%; font-family: Montserrat; font-weight: 500;\">Asegurar la trazabilidad<\/span><span style=\"font-size: 129%; font-family: Montserrat;\"> de los residuos textiles, atendiendo as\u00ed a una de las exigencias normativas marcadas por la Uni\u00f3n Europea.<\/span><\/p>\n                    <p><span style=\"font-size: 129%; font-family: Montserrat; font-weight: 500;\">Maximizar los ingresos<\/span><span style=\"font-size: 129%; font-family: Montserrat;\"> derivados del residuo textil preparado para reutilizar,<\/span><\/p>\n                    <p><span style=\"font-weight: 500; font-size: 129%; font-family: Montserrat;\">Reducir el impacto<\/span><span style=\"font-size: 129%; font-family: Montserrat;\"> negativo que tienen los residuos textiles <\/span><span style=\"font-size: 129%; font-family: Montserrat; font-weight: 500;\">sobre otros SCRAP<\/span>\n                      <span\n                        style=\"font-size: 129%; font-family: Montserrat;\">, al asegurar una mayor y selectiva recogida de residuos y disminuci\u00f3n de la contaminaci\u00f3n cruzada.<\/span>\n                    <\/p>\n                    <p><span style=\"font-size: 129%; font-family: Montserrat; font-weight: 500;\">Fomento del empleo,<\/span><span style=\"font-size: 129%; font-family: Montserrat;\"> toda vez que por cada 10.000 Tn de residuos que se incineran se puede crear 1 puesto de trabajo, si se entierran ser\u00e1n 6 los puestos generados, si se reciclan pueden llegar a 36 nuevos empleos y a 296 si se preparan para la reutilizaci\u00f3n.<\/span><\/p>\n                    <p>\n                      <br>\n                    <\/p>\n                  <\/div>\n                <\/div>\n              <\/div>\n            <\/div>\n          <\/div>\n        <\/div>\n      <\/div>\n    <\/div>\n  <\/div>\n  <div data-colibri-component=\"section\" data-colibri-id=\"352-c89\" id=\"custom-3\" class=\"h-section h-section-global-spacing d-flex align-items-lg-center align-items-md-center align-items-center style-859 style-local-352-c89 position-relative\">\n    <!---->\n    <!---->\n    <div class=\"h-section-grid-container h-section-boxed-container\">\n      <!---->\n      <div data-colibri-id=\"352-c90\" class=\"h-row-container gutters-row-lg-2 gutters-row-md-2 gutters-row-0 gutters-row-v-lg-2 gutters-row-v-md-2 gutters-row-v-2 style-860 style-local-352-c90 position-relative\">\n        <!---->\n        <div class=\"h-row justify-content-lg-center justify-content-md-center justify-content-center align-items-lg-stretch align-items-md-stretch align-items-stretch gutters-col-lg-2 gutters-col-md-2 gutters-col-0 gutters-col-v-lg-2 gutters-col-v-md-2 gutters-col-v-2\">\n          <!---->\n          <div class=\"h-column h-column-container d-flex h-col-lg-auto h-col-md-auto h-col-auto style-861-outer style-local-352-c91-outer\">\n            <div data-colibri-id=\"352-c91\" class=\"d-flex h-flex-basis h-column__inner h-px-lg-2 h-px-md-2 h-px-2 v-inner-lg-2 v-inner-md-2 v-inner-2 style-861 style-local-352-c91 position-relative\">\n              <!---->\n              <!---->\n              <div class=\"w-100 h-y-container h-column__content h-column__v-align flex-basis-100 align-self-lg-start align-self-md-start align-self-start\">\n                <!---->\n                <div data-colibri-id=\"352-c93\" class=\"h-text h-text-component style-863 style-local-352-c93 position-relative h-element\">\n                  <!---->\n                  <!---->\n                  <div class=\"\">\n                    <p><span style=\"font-weight: 600; font-size: 129%; color: rgb(14, 193, 97);\">E<\/span><span style=\"font-weight: 600; font-size: 129%; color: rgb(14, 193, 97); font-family: &quot;Open Sans&quot;;\">JE<\/span><span style=\"font-weight: 600; font-size: 129%; color: rgb(70, 112, 127); font-family: &quot;Open Sans&quot;;\"> AMBIENTAL<\/span><\/p>\n                    <p><span style=\"font-size: 129%; font-weight: 500;\">Planta Industrial:<\/span><\/p>\n                    <p><span style=\"font-size: 129%;\">\u2022 Utilizaci\u00f3n Energ\u00edas renovables 100 %, Emisiones 0,<\/span><\/p>\n                    <p><span style=\"font-size: 129%;\">\u2022 Sin generaci\u00f3n de residuos \/ vertidos relevantes<\/span><\/p>\n                    <p><span style=\"font-size: 129%; font-weight: 500;\">Utilizaci\u00f3n de veh\u00edculos de bajas emisiones \/ el\u00e9ctricos<\/span><\/p>\n                    <p><span style=\"font-size: 129%; font-weight: 500;\">Escaso consumo de agua<\/span><\/p>\n                    <p>\n                      <br>\n                    <\/p>\n                  <\/div>\n                <\/div>\n              <\/div>\n            <\/div>\n          <\/div>\n          <div class=\"h-column h-column-container d-flex h-col-lg-auto h-col-md-auto h-col-auto style-862-outer style-local-352-c92-outer\">\n            <div data-colibri-id=\"352-c92\" class=\"d-flex h-flex-basis h-column__inner h-px-lg-2 h-px-md-2 h-px-2 v-inner-lg-2 v-inner-md-2 v-inner-2 style-862 style-local-352-c92 position-relative\">\n              <!---->\n              <!---->\n              <div class=\"w-100 h-y-container h-column__content h-column__v-align flex-basis-100 align-self-lg-start align-self-md-start align-self-start\">\n                <!---->\n                <div data-colibri-id=\"352-c94\" class=\"h-text h-text-component style-864 style-local-352-c94 position-relative h-element\">\n                  <!---->\n                  <!---->\n                  <div class=\"\">\n                    <p><span style=\"color: rgb(14, 193, 97); font-size: 129%; font-family: Montserrat; font-weight: 600;\">EJE <\/span><span style=\"color: rgb(70, 112, 127); font-size: 129%; font-family: Montserrat; font-weight: 600;\">SOCIAL<\/span><\/p>\n                    <p><span style=\"font-size: 129%; font-family: Montserrat; font-weight: 500;\">Generaci\u00f3n de empleo<\/span><\/p>\n                    <p><span style=\"font-size: 129%; font-family: Montserrat; font-weight: 500;\">Generaci\u00f3n de conocimiento<\/span><\/p>\n                    <p><span style=\"font-size: 129%; font-family: Montserrat; font-weight: 500;\">Involucraci\u00f3n personas con discapacidad<\/span><\/p>\n                    <p><span style=\"font-size: 129%; font-family: Montserrat; font-weight: 500;\">I+D+i<\/span><\/p>\n                    <p><span style=\"font-size: 129%; font-family: Montserrat; font-weight: 500;\">Alianzas locales<\/span><\/p>\n                  <\/div>\n                <\/div>\n              <\/div>\n            <\/div>\n          <\/div>\n        <\/div>\n      <\/div>\n    <\/div>\n  <\/div>\n<\/div>","protected":false},"excerpt":{"rendered":"<p>VALOR A\u00d1ADIDO DEL PROYECTO Contribuir a los principios de la Econom\u00eda Circular, minimizando la cantidad de deshecho que se desplaza a vertedero. Alinearse con los avances impulsados tanto de la Uni\u00f3n Europea como desde el propio MITECO para que Espa\u00f1a cumpla con la obligatoriedad de determinar los objetivos de reutilizaci\u00f3n y reciclado para residuos de [&hellip;]<\/p>\n","protected":false},"author":1,"featured_media":0,"parent":0,"menu_order":0,"comment_status":"closed","ping_status":"closed","template":"page-templates\/full-width-page.php","meta":{"footnotes":""},"class_list":["post-352","page","type-page","status-publish","hentry"],"_links":{"self":[{"href":"https:\/\/3rcirculart.com\/index.php?rest_route=\/wp\/v2\/pages\/352","targetHints":{"allow":["GET"]}}],"collection":[{"href":"https:\/\/3rcirculart.com\/index.php?rest_route=\/wp\/v2\/pages"}],"about":[{"href":"https:\/\/3rcirculart.com\/index.php?rest_route=\/wp\/v2\/types\/page"}],"author":[{"embeddable":true,"href":"https:\/\/3rcirculart.com\/index.php?rest_route=\/wp\/v2\/users\/1"}],"replies":[{"embeddable":true,"href":"https:\/\/3rcirculart.com\/index.php?rest_route=%2Fwp%2Fv2%2Fcomments&post=352"}],"version-history":[{"count":4,"href":"https:\/\/3rcirculart.com\/index.php?rest_route=\/wp\/v2\/pages\/352\/revisions"}],"predecessor-version":[{"id":3227,"href":"https:\/\/3rcirculart.com\/index.php?rest_route=\/wp\/v2\/pages\/352\/revisions\/3227"}],"wp:attachment":[{"href":"https:\/\/3rcirculart.com\/index.php?rest_route=%2Fwp%2Fv2%2Fmedia&parent=352"}],"curies":[{"name":"wp","href":"https:\/\/api.w.org\/{rel}","templated":true}]}}