{"id":3162,"date":"2025-10-23T06:39:46","date_gmt":"2025-10-23T06:39:46","guid":{"rendered":"https:\/\/3rcirculart.com\/?page_id=3162"},"modified":"2025-10-23T08:13:26","modified_gmt":"2025-10-23T08:13:26","slug":"politica-de-cookies","status":"publish","type":"page","link":"https:\/\/3rcirculart.com\/?page_id=3162","title":{"rendered":"Pol\u00edtica de Cookies"},"content":{"rendered":"<div data-colibri-id=\"3162-c1\" class=\"style-894 style-local-3162-c1 position-relative\">\n  <!---->\n  <div data-colibri-component=\"section\" data-colibri-id=\"3162-c2\" id=\"custom\" class=\"h-section h-section-global-spacing d-flex align-items-lg-center align-items-md-center align-items-center style-895 style-local-3162-c2 position-relative\">\n    <!---->\n    <!---->\n    <div class=\"h-section-grid-container h-section-boxed-container\">\n      <!---->\n      <div data-colibri-id=\"3162-c5\" class=\"h-row-container gutters-row-lg-2 gutters-row-md-2 gutters-row-0 gutters-row-v-lg-2 gutters-row-v-md-2 gutters-row-v-2 style-898 style-local-3162-c5 position-relative\">\n        <!---->\n        <div class=\"h-row justify-content-lg-center justify-content-md-center justify-content-center align-items-lg-stretch align-items-md-stretch align-items-stretch gutters-col-lg-2 gutters-col-md-2 gutters-col-0 gutters-col-v-lg-2 gutters-col-v-md-2 gutters-col-v-2\">\n          <!---->\n          <div class=\"h-column h-column-container d-flex h-col-lg-auto h-col-md-auto h-col-auto style-899-outer style-local-3162-c6-outer\">\n            <div data-colibri-id=\"3162-c6\" class=\"d-flex h-flex-basis h-column__inner h-px-lg-2 h-px-md-2 h-px-2 v-inner-lg-2 v-inner-md-2 v-inner-2 style-899 style-local-3162-c6 position-relative\">\n              <!---->\n              <!---->\n              <div class=\"w-100 h-y-container h-column__content h-column__v-align flex-basis-100 align-self-lg-start align-self-md-start align-self-start\">\n                <!---->\n                <div data-colibri-id=\"3162-c7\" class=\"h-text h-text-component style-900 style-local-3162-c7 position-relative h-element\">\n                  <!---->\n                  <!---->\n                  <div class=\"\">\n                    <h2>I<span style=\"color: rgb(3, 3, 3);\">nformaci\u00f3n general<\/span><\/h2>\n                    <p><span style=\"color: rgb(3, 3, 3);\">Debido a la entrada en vigor de la referente modificaci\u00f3n de la \u201cLey de Servicios de la Sociedad de la Informaci\u00f3n\u201d (LSSICE) establecida por el Real Decreto 13\/2012, es de obligaci\u00f3n obtener el consentimiento expreso del usuario de todas las p\u00e1ginas web que usan cookies prescindibles, antes de que \u00e9ste navegue por ellas.<\/span><\/p>\n                    <h4><span style=\"color: rgb(3, 3, 3);\">\u00bfQu\u00e9 son las cookies?<\/span><\/h4>\n                    <p><span style=\"color: rgb(3, 3, 3);\">Las cookies y otras tecnolog\u00edas similares tales como local shared objects, flash cookies o p\u00edxeles, son herramientas empleadas por los servidores Web para almacenar y recuperar informaci\u00f3n acerca de sus visitantes, as\u00ed como para ofrecer un correcto funcionamiento del sitio.<\/span><\/p>\n                    <p><span style=\"color: rgb(3, 3, 3);\">Mediante el uso de estos dispositivos se permite al servidor Web recordar algunos datos concernientes al usuario, como sus preferencias para la visualizaci\u00f3n de las p\u00e1ginas de ese servidor, nombre y contrase\u00f1a, productos que m\u00e1s le interesan, etc.<\/span><\/p>\n                    <h4><span style=\"color: rgb(3, 3, 3);\">Cookies afectadas por la normativa y cookies exceptuadas<\/span><\/h4>\n                    <p><span style=\"color: rgb(3, 3, 3);\">Seg\u00fan la directiva de la UE, las cookies que requieren el consentimiento informado por parte del usuario son las cookies de anal\u00edtica y las de publicidad y afiliaci\u00f3n, quedando exceptuadas las de car\u00e1cter t\u00e9cnico y las necesarias para el funcionamiento del sitio web o la prestaci\u00f3n de servicios expresamente solicitados por el usuario.<\/span><\/p>\n                    <h4><span style=\"color: rgb(3, 3, 3);\">\u00bfQu\u00e9 tipos de cookies existen?<\/span><\/h4>\n                    <h5><span style=\"color: rgb(3, 3, 3);\">Seg\u00fan su titularidad<\/span><\/h5>\n                    <ul>\n                      <li><strong style=\"color: rgb(3, 3, 3);\">Cookies propias<\/strong><span style=\"color: rgb(3, 3, 3);\">: Son aqu\u00e9llas que se env\u00edan al equipo terminal del usuario desde un equipo o dominio gestionado por el propio editor y desde el que se presta el servicio Solicitado por el usuario.<\/span><\/li>\n                      <li><strong style=\"color: rgb(3, 3, 3);\">Cookies de terceros<\/strong><span style=\"color: rgb(3, 3, 3);\">: Son aqu\u00e9llas que se env\u00edan al equipo terminal del usuario desde un equipo o dominio que no es gestionado por el editor, sino por otra entidad que trata los datos obtenidos trav\u00e9s de las cookies.<\/span><\/li>\n                    <\/ul>\n                    <h5><span style=\"color: rgb(3, 3, 3);\">Seg\u00fan su duraci\u00f3n<\/span><\/h5>\n                    <ul>\n                      <li><strong style=\"color: rgb(3, 3, 3);\">Cookies de sesi\u00f3n:<\/strong><span style=\"color: rgb(3, 3, 3);\">&nbsp;Son un tipo de cookies dise\u00f1adas para recabar y almacenar datos mientras el usuario accede a una p\u00e1gina web.<\/span><\/li>\n                      <li><strong style=\"color: rgb(3, 3, 3);\">Cookies persistentes<\/strong><span style=\"color: rgb(3, 3, 3);\">: Son un tipo de cookies en el que los datos siguen almacenados en el terminal y pueden ser accedidos y tratados durante un periodo definido por el responsable de la cookie, y que puede ir de unos minutos a varios a\u00f1os.<\/span><\/li>\n                    <\/ul>\n                    <h5><span style=\"color: rgb(3, 3, 3);\">Seg\u00fan su funcionalidad<\/span><\/h5>\n                    <ul>\n                      <li><strong style=\"color: rgb(3, 3, 3);\">Cookies necesarias<\/strong><span style=\"color: rgb(3, 3, 3);\">: son aquellas imprescindibles para el correcto funcionamiento del sitio web. No recopilan ning\u00fan tipo de datos de usuario y recogen informaci\u00f3n como la preferencia de idioma, si se ha aceptado la pol\u00edtica de cookies, etc.<\/span><\/li>\n                      <li><strong style=\"color: rgb(3, 3, 3);\">Cookies de an\u00e1lisis<\/strong><span style=\"color: rgb(3, 3, 3);\">: Son aqu\u00e9llas que bien tratadas por nosotros o por terceros, nos permiten cuantificar el n\u00famero de usuarios y as\u00ed realizar la medici\u00f3n y an\u00e1lisis estad\u00edstico de la utilizaci\u00f3n que hacen los usuarios del servicio ofertado. Para ello se analiza su navegaci\u00f3n en nuestra p\u00e1gina web con el fin de mejorar la oferta de productos o servicios que le ofrecemos.<\/span><\/li>\n                      <li><strong style=\"color: rgb(3, 3, 3);\">Cookies publicitarias o de marketing<\/strong><span style=\"color: rgb(3, 3, 3);\">: Son aqu\u00e9llas que permiten la gesti\u00f3n, de la forma m\u00e1s eficaz posible, de los espacios publicitarios que, en su caso, el editor haya incluido en una p\u00e1gina web, aplicaci\u00f3n o plataforma desde la que presta el servicio solicitado en base a criterios como el contenido editado o la frecuencia en la que se muestran los anuncios.<\/span><\/li>\n                      <li><strong style=\"color: rgb(3, 3, 3);\">Cookies de publicidad comportamental o de marketing personalizado<\/strong><span style=\"color: rgb(3, 3, 3);\">: Son aqu\u00e9llas que permiten la gesti\u00f3n, de la forma m\u00e1s eficaz posible, de los espacios publicitarios que, en su caso, el editor haya incluido en una p\u00e1gina web, aplicaci\u00f3n o plataforma desde la que presta el servicio solicitado. Estas cookies almacenan informaci\u00f3n del comportamiento de los usuarios obtenida a trav\u00e9s de la observaci\u00f3n continuada de sus h\u00e1bitos de navegaci\u00f3n, lo que permite desarrollar un perfil espec\u00edfico para mostrar publicidad en funci\u00f3n del mismo. Asimismo es posible que al visitar alguna p\u00e1gina web o al abrir alg\u00fan email donde se publique alg\u00fan anuncio o alguna promoci\u00f3n sobre nuestros productos o servicios se instale en tu navegador alguna cookie que nos sirve para mostrarte posteriormente publicidad relacionada con la b\u00fasqueda que hayas realizado, desarrollar un control de nuestros anuncios en relaci\u00f3n, por ejemplo, con el n\u00famero de veces que son vistos, donde aparecen, a qu\u00e9 hora se ven, etc.<\/span><\/li>\n                    <\/ul>\n                    <h4><span style=\"color: rgb(3, 3, 3);\">C\u00f3mo eliminar las Cookies del navegador.<\/span><\/h4>\n                    <ul>\n                      <li><strong style=\"color: rgb(3, 3, 3);\">Chrome<\/strong><span style=\"color: rgb(3, 3, 3);\">:&nbsp;&nbsp;<\/span>\n                        <a href=\"https:\/\/support.google.com\/chrome\/answer\/95647\" rel=\"noreferrer noopener\" target=\"_blank\" style=\"font-family: &quot;Open Sans&quot;; font-weight: 400; font-size: 1em; color: rgb(3, 3, 3);\"\n                          class=\"customize-unpreviewable\">https:\/\/support.google.com\/chrome\/answer\/95647<\/a>\n                      <\/li>\n                      <li><strong style=\"color: rgb(3, 3, 3);\">Internet Explorer<\/strong><span style=\"color: rgb(3, 3, 3);\">:&nbsp;&nbsp;<\/span>\n                        <a href=\"https:\/\/support.microsoft.com\/es-es\/help\/17442\/windows-internet-explorer-delete-manage-cookies\" rel=\"noreferrer noopener\"\n                          target=\"_blank\" style=\"font-family: &quot;Open Sans&quot;; font-weight: 400; font-size: 1em; color: rgb(3, 3, 3);\" class=\"customize-unpreviewable\">https:\/\/support.microsoft.com\/es-es\/help\/17442\/windows-internet-explorer-delete-manage-cookies<\/a>\n                      <\/li>\n                      <li><strong style=\"color: rgb(3, 3, 3);\">Firefox<\/strong><span style=\"color: rgb(3, 3, 3);\">:&nbsp;&nbsp;<\/span>\n                        <a href=\"https:\/\/support.mozilla.org\/es\/kb\/habilitar-y-deshabilitar-cookies-sitios-web-rastrear-preferencias\" rel=\"noreferrer noopener\"\n                          target=\"_blank\" style=\"font-family: &quot;Open Sans&quot;; font-weight: 400; font-size: 1em; color: rgb(3, 3, 3);\" class=\"customize-unpreviewable\">https:\/\/support.mozilla.org\/es\/kb\/habilitar-y-deshabilitar-cookies-sitios-web-rastrear-preferencias<\/a>\n                      <\/li>\n                      <li><strong style=\"color: rgb(3, 3, 3);\">Safari<\/strong><span style=\"color: rgb(3, 3, 3);\">:&nbsp;&nbsp;<\/span>\n                        <a href=\"https:\/\/support.apple.com\/es-es\/guide\/safari\/sfri11471\/mac\" rel=\"noreferrer noopener\" target=\"_blank\" style=\"font-family: &quot;Open Sans&quot;; font-weight: 400; font-size: 1em; color: rgb(3, 3, 3);\"\n                          class=\"customize-unpreviewable\">https:\/\/support.apple.com\/es-es\/guide\/safari\/sfri11471\/mac<\/a>\n                      <\/li>\n                      <li><strong style=\"color: rgb(3, 3, 3);\">Opera<\/strong><span style=\"color: rgb(3, 3, 3);\">:&nbsp;&nbsp;<\/span>\n                        <a href=\"https:\/\/www.opera.com\/help\/tutorials\/security\/privacy\" rel=\"noreferrer noopener\" target=\"_blank\" style=\"font-family: &quot;Open Sans&quot;; font-weight: 400; font-size: 1em; color: rgb(3, 3, 3);\"\n                          class=\"customize-unpreviewable\">https:\/\/www.opera.com\/help\/tutorials\/security\/privacy\/<\/a>\n                      <\/li>\n                    <\/ul>\n                    <p><span style=\"color: rgb(3, 3, 3);\">Si no aparece listado, consulte la documentaci\u00f3n del navegador que tenga instalado para bloquear, eliminar o permitir la descarga de Cookies<\/span><\/p>\n                    <p>\n                      <br>\n                    <\/p>\n                  <\/div>\n                <\/div>\n              <\/div>\n            <\/div>\n          <\/div>\n        <\/div>\n      <\/div>\n    <\/div>\n  <\/div>\n<\/div>","protected":false},"excerpt":{"rendered":"<p>Informaci\u00f3n general Debido a la entrada en vigor de la referente modificaci\u00f3n de la \u201cLey de Servicios de la Sociedad de la Informaci\u00f3n\u201d (LSSICE) establecida por el Real Decreto 13\/2012, es de obligaci\u00f3n obtener el consentimiento expreso del usuario de todas las p\u00e1ginas web que usan cookies prescindibles, antes de que \u00e9ste navegue por ellas. [&hellip;]<\/p>\n","protected":false},"author":1,"featured_media":0,"parent":0,"menu_order":0,"comment_status":"closed","ping_status":"closed","template":"page-templates\/full-width-page.php","meta":{"footnotes":""},"class_list":["post-3162","page","type-page","status-publish","hentry"],"_links":{"self":[{"href":"https:\/\/3rcirculart.com\/index.php?rest_route=\/wp\/v2\/pages\/3162","targetHints":{"allow":["GET"]}}],"collection":[{"href":"https:\/\/3rcirculart.com\/index.php?rest_route=\/wp\/v2\/pages"}],"about":[{"href":"https:\/\/3rcirculart.com\/index.php?rest_route=\/wp\/v2\/types\/page"}],"author":[{"embeddable":true,"href":"https:\/\/3rcirculart.com\/index.php?rest_route=\/wp\/v2\/users\/1"}],"replies":[{"embeddable":true,"href":"https:\/\/3rcirculart.com\/index.php?rest_route=%2Fwp%2Fv2%2Fcomments&post=3162"}],"version-history":[{"count":3,"href":"https:\/\/3rcirculart.com\/index.php?rest_route=\/wp\/v2\/pages\/3162\/revisions"}],"predecessor-version":[{"id":3314,"href":"https:\/\/3rcirculart.com\/index.php?rest_route=\/wp\/v2\/pages\/3162\/revisions\/3314"}],"wp:attachment":[{"href":"https:\/\/3rcirculart.com\/index.php?rest_route=%2Fwp%2Fv2%2Fmedia&parent=3162"}],"curies":[{"name":"wp","href":"https:\/\/api.w.org\/{rel}","templated":true}]}}