{"id":230,"date":"2019-03-06T12:19:03","date_gmt":"2019-03-06T12:19:03","guid":{"rendered":"https:\/\/colibriwp-work.colibriwp.com\/business-ii\/?page_id=230"},"modified":"2025-10-23T07:15:47","modified_gmt":"2025-10-23T07:15:47","slug":"introduccion","status":"publish","type":"page","link":"https:\/\/3rcirculart.com\/?page_id=230","title":{"rendered":"Introducci\u00f3n"},"content":{"rendered":"<div data-colibri-id=\"230-c1\" class=\"style-471 style-local-230-c1 position-relative\">\n  <!---->\n  <div data-colibri-component=\"section\" data-colibri-id=\"230-c88\" id=\"custom\" class=\"h-section h-section-global-spacing d-flex align-items-lg-center align-items-md-center align-items-center style-829 style-local-230-c88 position-relative\">\n    <!---->\n    <!---->\n    <div class=\"h-section-grid-container h-section-boxed-container\">\n      <!---->\n      <div data-colibri-id=\"230-c89\" class=\"h-row-container gutters-row-lg-2 gutters-row-md-2 gutters-row-0 gutters-row-v-lg-2 gutters-row-v-md-2 gutters-row-v-2 style-830 style-local-230-c89 position-relative\">\n        <!---->\n        <div class=\"h-row justify-content-lg-center justify-content-md-center justify-content-center align-items-lg-stretch align-items-md-stretch align-items-stretch gutters-col-lg-2 gutters-col-md-2 gutters-col-0 gutters-col-v-lg-2 gutters-col-v-md-2 gutters-col-v-2\">\n          <!---->\n          <div class=\"h-column h-column-container d-flex h-col-lg-auto h-col-md-auto h-col-auto style-831-outer style-local-230-c90-outer\">\n            <div data-colibri-id=\"230-c90\" class=\"d-flex h-flex-basis h-column__inner h-px-lg-2 h-px-md-2 h-px-2 v-inner-lg-2 v-inner-md-2 v-inner-2 style-831 style-local-230-c90 position-relative\">\n              <!---->\n              <!---->\n              <div class=\"w-100 h-y-container h-column__content h-column__v-align flex-basis-100 align-self-lg-start align-self-md-start align-self-start\">\n                <!---->\n                <div data-colibri-id=\"230-c92\" class=\"d-block style-833 style-local-230-c92 position-relative h-element\">\n                  <!---->\n                  <div class=\"h-image__frame-container-outer\">\n                    <div class=\"h-image__frame-container\">\n                      <!---->\n                      <!---->\n                      <img loading=\"lazy\" decoding=\"async\" width=\"995\" height=\"630\" src=\"https:\/\/3rcirculart.com\/wp-content\/uploads\/2025\/10\/cropped-d9c51092648c46e3a5592347f009e496.jpeg\" class=\"wp-image-3204 style-833-image style-local-230-c92-image\" alt=\"\" srcset=\"https:\/\/3rcirculart.com\/wp-content\/uploads\/2025\/10\/cropped-d9c51092648c46e3a5592347f009e496.jpeg 995w, https:\/\/3rcirculart.com\/wp-content\/uploads\/2025\/10\/cropped-d9c51092648c46e3a5592347f009e496-300x190.jpeg 300w, https:\/\/3rcirculart.com\/wp-content\/uploads\/2025\/10\/cropped-d9c51092648c46e3a5592347f009e496-768x486.jpeg 768w\" sizes=\"auto, (max-width: 995px) 100vw, 995px\" \/>\n                      <div class=\"h-image__frame h-hide-lg h-hide-md h-hide-sm style-833-frameImage style-local-230-c92-frameImage\"><\/div>\n                    <\/div>\n                  <\/div>\n                <\/div>\n              <\/div>\n            <\/div>\n          <\/div>\n          <div class=\"h-column h-column-container d-flex h-col-lg-auto h-col-md-auto h-col-auto style-832-outer style-local-230-c91-outer\">\n            <div data-colibri-id=\"230-c91\" class=\"d-flex h-flex-basis h-column__inner h-px-lg-2 h-px-md-2 h-px-2 v-inner-lg-2 v-inner-md-2 v-inner-2 style-832 style-local-230-c91 position-relative\">\n              <!---->\n              <!---->\n              <div class=\"w-100 h-y-container h-column__content h-column__v-align flex-basis-100 align-self-lg-start align-self-md-start align-self-start\">\n                <!---->\n                <div data-colibri-id=\"230-c93\" class=\"h-text h-text-component style-834 style-local-230-c93 position-relative h-element\">\n                  <!---->\n                  <!---->\n                  <div class=\"\">\n                    <p><span style=\"color: rgb(0, 155, 74); font-weight: 600; font-size: 129%;\">G<\/span><span style=\"color: rgb(0, 155, 74); font-weight: 600; font-size: 129%; font-family: &quot;Open Sans&quot;;\">ESTI\u00d3N DE RESIDUOS TEXTILES<\/span><span style=\"color: rgb(70, 112, 127); font-weight: 600; font-size: 129%; font-family: &quot;Open Sans&quot;;\"> <\/span>\n                      <strong\n                        style=\"color: rgb(70, 112, 127); font-weight: 800; font-size: 129%; font-family: &quot;Open Sans&quot;;\">EN ESPA\u00d1A<\/strong>\n                    <\/p>\n                    <p><span style=\"font-family: Montserrat; font-size: 129%;\">Cada a\u00f1o m\u00e1s de 1.000.000 Tn de Residuos textiles acaban en vertedero, recuper\u00e1ndose mediante sistemas de contenerizaci\u00f3n en v\u00eda p\u00fablica entorno a un 10% del total de residuo textiles generados.<\/span><\/p>\n                    <p><span style=\"font-size: 129%;\"><br><\/span><\/p>\n                    <p><span style=\"font-size: 129%;\">Se estima que menos del 15% es reutilizado en Espa\u00f1a, y m\u00e1s del 73% del residuo es trasladado a terceros pa\u00edses para su reciclaje y recuperaci\u00f3n.<\/span><\/p>\n                    <p>\n                      <br>\n                    <\/p>\n                  <\/div>\n                <\/div>\n              <\/div>\n            <\/div>\n          <\/div>\n        <\/div>\n      <\/div>\n    <\/div>\n  <\/div>\n  <div data-colibri-component=\"section\" data-colibri-id=\"230-c94\" id=\"custom-2\" class=\"h-section h-section-global-spacing d-flex align-items-lg-center align-items-md-center align-items-center style-835 style-local-230-c94 position-relative\">\n    <!---->\n    <!---->\n    <div class=\"h-section-grid-container h-section-boxed-container\">\n      <!---->\n      <div data-colibri-id=\"230-c95\" class=\"h-row-container gutters-row-lg-2 gutters-row-md-2 gutters-row-0 gutters-row-v-lg-2 gutters-row-v-md-2 gutters-row-v-2 style-836 style-local-230-c95 position-relative\">\n        <!---->\n        <div class=\"h-row justify-content-lg-center justify-content-md-center justify-content-center align-items-lg-stretch align-items-md-stretch align-items-stretch gutters-col-lg-2 gutters-col-md-2 gutters-col-0 gutters-col-v-lg-2 gutters-col-v-md-2 gutters-col-v-2\">\n          <!---->\n          <div class=\"h-column h-column-container d-flex h-col-lg-auto h-col-md-auto h-col-auto style-837-outer style-local-230-c96-outer\">\n            <div data-colibri-id=\"230-c96\" class=\"d-flex h-flex-basis h-column__inner h-px-lg-2 h-px-md-2 h-px-2 v-inner-lg-2 v-inner-md-2 v-inner-2 style-837 style-local-230-c96 position-relative\">\n              <!---->\n              <!---->\n              <div class=\"w-100 h-y-container h-column__content h-column__v-align flex-basis-100 align-self-lg-start align-self-md-start align-self-start\">\n                <!---->\n                <div data-colibri-id=\"230-c98\" class=\"h-text h-text-component style-839 style-local-230-c98 position-relative h-element\">\n                  <!---->\n                  <!---->\n                  <div class=\"\">\n                    <p><span style=\"font-weight: 600; font-size: 129%; color: rgb(9, 189, 76); font-family: Montserrat;\">GESTI\u00d3N DE RESIDUOS TEXTILES<\/span><span style=\"font-weight: 600; font-size: 129%; color: rgb(70, 112, 127); font-family: Montserrat;\"> <\/span>\n                      <span\n                        style=\"font-weight: 800; font-size: 129%; color: rgb(70, 112, 127); font-family: Montserrat;\">EN EUROPA<\/span>\n                    <\/p>\n                    <p><span style=\"font-size: 129%; font-family: Montserrat;\">La <\/span><span style=\"font-size: 129%; font-family: Montserrat; font-weight: 600;\">Directiva (UE) 2018\/851 del Parlamento Europeo y del Consejo por la que se modifica la Directiva 2008\/98\/CE sobres residuos<\/span>\n                      <span\n                        style=\"font-size: 129%; font-family: Montserrat;\">, y el anteproyecto de Ley de Residuos y Suelos Contaminados redactado por el MITECO que incorpora al ordenamiento jur\u00eddico interno esta directiva europea, introducen novedades legislativas en relaci\u00f3n al textil:<\/span>\n                    <\/p>\n                    <ul>\n                      <li><span style=\"font-size: 129%; font-family: Montserrat;\">Estableciendo como fecha l\u00edmite para <\/span><span style=\"font-size: 129%; font-family: Montserrat; font-weight: 600;\">la recogida selectiva del residuo TEXTIL el 31 de diciembre de 2024.<\/span><\/li>\n                      <li><span style=\"font-size: 129%; font-family: Montserrat;\">Se establecer\u00e1n los <\/span><span style=\"font-size: 129%; font-family: Montserrat; font-weight: 600;\">objetivos de reutilizaci\u00f3n y reciclado para residuos textiles.<\/span><\/li>\n                      <li><span style=\"font-size: 129%; font-family: Montserrat;\">Sienta las bases para establecer la <\/span><span style=\"font-size: 129%; font-family: Montserrat; font-weight: 600;\">responsabilidad ampliada del productor<\/span><\/li>\n                    <\/ul>\n                    <p>\n                      <br>\n                    <\/p>\n                  <\/div>\n                <\/div>\n              <\/div>\n            <\/div>\n          <\/div>\n          <div class=\"h-column h-column-container d-flex h-col-lg-auto h-col-md-auto h-col-auto style-838-outer style-local-230-c97-outer\">\n            <div data-colibri-id=\"230-c97\" class=\"d-flex h-flex-basis h-column__inner h-px-lg-2 h-px-md-2 h-px-2 v-inner-lg-2 v-inner-md-2 v-inner-2 style-838 style-local-230-c97 position-relative\">\n              <!---->\n              <!---->\n              <div class=\"w-100 h-y-container h-column__content h-column__v-align flex-basis-100 align-self-lg-start align-self-md-start align-self-start\">\n                <!---->\n                <div data-colibri-id=\"230-c99\" class=\"d-block style-840 style-local-230-c99 position-relative h-element\">\n                  <!---->\n                  <div class=\"h-image__frame-container-outer\">\n                    <div class=\"h-image__frame-container\">\n                      <!---->\n                      <!---->\n                      <img loading=\"lazy\" decoding=\"async\" width=\"959\" height=\"670\" src=\"https:\/\/3rcirculart.com\/wp-content\/uploads\/2025\/10\/cropped-europa.jpg\" class=\"wp-image-3207 style-840-image style-local-230-c99-image\" alt=\"\" srcset=\"https:\/\/3rcirculart.com\/wp-content\/uploads\/2025\/10\/cropped-europa.jpg 959w, https:\/\/3rcirculart.com\/wp-content\/uploads\/2025\/10\/cropped-europa-300x210.jpg 300w, https:\/\/3rcirculart.com\/wp-content\/uploads\/2025\/10\/cropped-europa-768x537.jpg 768w\" sizes=\"auto, (max-width: 959px) 100vw, 959px\" \/>\n                      <div class=\"h-image__frame h-hide-lg h-hide-md h-hide-sm style-840-frameImage style-local-230-c99-frameImage\"><\/div>\n                    <\/div>\n                  <\/div>\n                <\/div>\n              <\/div>\n            <\/div>\n          <\/div>\n        <\/div>\n      <\/div>\n    <\/div>\n  <\/div>\n  <div data-colibri-component=\"section\" data-colibri-id=\"230-c100\" id=\"custom-3\" class=\"h-section h-section-global-spacing d-flex align-items-lg-center align-items-md-center align-items-center style-841 style-local-230-c100 position-relative\">\n    <!---->\n    <!---->\n    <div class=\"h-section-grid-container h-section-boxed-container\">\n      <!---->\n      <div data-colibri-id=\"230-c101\" class=\"h-row-container gutters-row-lg-2 gutters-row-md-2 gutters-row-0 gutters-row-v-lg-2 gutters-row-v-md-2 gutters-row-v-2 style-842 style-local-230-c101 position-relative\">\n        <!---->\n        <div class=\"h-row justify-content-lg-center justify-content-md-center justify-content-center align-items-lg-stretch align-items-md-stretch align-items-stretch gutters-col-lg-2 gutters-col-md-2 gutters-col-0 gutters-col-v-lg-2 gutters-col-v-md-2 gutters-col-v-2\">\n          <!---->\n          <div class=\"h-column h-column-container d-flex h-col-lg-auto h-col-md-auto h-col-auto style-843-outer style-local-230-c102-outer\">\n            <div data-colibri-id=\"230-c102\" class=\"d-flex h-flex-basis h-column__inner h-px-lg-2 h-px-md-2 h-px-2 v-inner-lg-2 v-inner-md-2 v-inner-2 style-843 style-local-230-c102 position-relative\">\n              <!---->\n              <!---->\n              <div class=\"w-100 h-y-container h-column__content h-column__v-align flex-basis-100 align-self-lg-start align-self-md-start align-self-start\">\n                <!---->\n                <div data-colibri-id=\"230-c104\" class=\"d-block style-845 style-local-230-c104 position-relative h-element\">\n                  <!---->\n                  <div class=\"h-image__frame-container-outer\">\n                    <div class=\"h-image__frame-container\">\n                      <!---->\n                      <!---->\n                      <img loading=\"lazy\" decoding=\"async\" width=\"561\" height=\"659\" src=\"https:\/\/3rcirculart.com\/wp-content\/uploads\/2025\/10\/just.jpg\" class=\"wp-image-3208 style-845-image style-local-230-c104-image\" alt=\"\" srcset=\"https:\/\/3rcirculart.com\/wp-content\/uploads\/2025\/10\/just.jpg 561w, https:\/\/3rcirculart.com\/wp-content\/uploads\/2025\/10\/just-255x300.jpg 255w\" sizes=\"auto, (max-width: 561px) 100vw, 561px\" \/>\n                      <div class=\"h-image__frame h-hide-lg h-hide-md h-hide-sm style-845-frameImage style-local-230-c104-frameImage\"><\/div>\n                    <\/div>\n                  <\/div>\n                <\/div>\n              <\/div>\n            <\/div>\n          <\/div>\n          <div class=\"h-column h-column-container d-flex h-col-lg-auto h-col-md-auto h-col-auto style-844-outer style-local-230-c103-outer\">\n            <div data-colibri-id=\"230-c103\" class=\"d-flex h-flex-basis h-column__inner h-px-lg-2 h-px-md-2 h-px-2 v-inner-lg-2 v-inner-md-2 v-inner-2 style-844 style-local-230-c103 position-relative\">\n              <!---->\n              <!---->\n              <div class=\"w-100 h-y-container h-column__content h-column__v-align flex-basis-100 align-self-lg-start align-self-md-start align-self-start\">\n                <!---->\n                <div data-colibri-id=\"230-c105\" class=\"h-text h-text-component style-846 style-local-230-c105 position-relative h-element\">\n                  <!---->\n                  <!---->\n                  <div class=\"\">\n                    <p><span style=\"font-weight: 500; font-family: Montserrat; font-size: 126%; color: rgb(9, 189, 76);\">JUSTIFICACI\u00d3N DE LA<\/span><span style=\"font-weight: 500; font-family: Montserrat; font-size: 126%;\"> <\/span><span style=\"font-weight: 600; font-family: Montserrat; font-size: 126%;\">NECESIDAD<\/span><\/p>\n                    <p><span style=\"font-family: Montserrat; font-size: 126%;\">Actualmente en Espa\u00f1a la recogida selectiva y la clasificaci\u00f3n de residuos textiles:<\/span><\/p>\n                    <ul>\n                      <li><span style=\"font-family: Montserrat; font-size: 126%;\">No es obligatoria y su gesti\u00f3n es incipiente.<\/span><\/li>\n                      <li><span style=\"font-family: Montserrat; font-size: 126%;\">Se realiza a trav\u00e9s de <\/span><span style=\"font-family: Montserrat; font-size: 126%; font-weight: 500;\">procesos manuales.<\/span><\/li>\n                      <li><span style=\"font-family: Montserrat; font-size: 126%;\">No asegura la <\/span><span style=\"font-family: Montserrat; font-size: 126%; font-weight: 500;\">trazabilidad del destino del residuo textil.<\/span><\/li>\n                      <li><span style=\"font-family: Montserrat; font-size: 126%;\">No se realiza <\/span><span style=\"font-family: Montserrat; font-size: 126%; font-weight: 500;\">clasificaci\u00f3n por calidades.<\/span><\/li>\n                    <\/ul>\n                    <p><span style=\"font-family: Montserrat; font-size: 126%;\">En este contexto, se estima que la contenerizaci\u00f3n obligatoria y la aparici\u00f3n de un Sistema Colectivo de Responsabilidad Ampliada del Productor traer\u00e1 consigo un incremento de la cantidad de residuo textil recogido de manera selectiva, y por tanto <\/span>\n                      <span\n                        style=\"font-family: Montserrat; font-size: 126%; font-weight: 500;\">se har\u00e1 necesaria la aparici\u00f3n de nuevas plantas de tratamiento para este residuo.<\/span>\n                    <\/p>\n                  <\/div>\n                <\/div>\n              <\/div>\n            <\/div>\n          <\/div>\n        <\/div>\n      <\/div>\n    <\/div>\n  <\/div>\n<\/div>","protected":false},"excerpt":{"rendered":"<p>GESTI\u00d3N DE RESIDUOS TEXTILES EN ESPA\u00d1A Cada a\u00f1o m\u00e1s de 1.000.000 Tn de Residuos textiles acaban en vertedero, recuper\u00e1ndose mediante sistemas de contenerizaci\u00f3n en v\u00eda p\u00fablica entorno a un 10% del total de residuo textiles generados. Se estima que menos del 15% es reutilizado en Espa\u00f1a, y m\u00e1s del 73% del residuo es trasladado a [&hellip;]<\/p>\n","protected":false},"author":1,"featured_media":0,"parent":0,"menu_order":0,"comment_status":"closed","ping_status":"closed","template":"page-templates\/full-width-page.php","meta":{"footnotes":""},"class_list":["post-230","page","type-page","status-publish","hentry"],"_links":{"self":[{"href":"https:\/\/3rcirculart.com\/index.php?rest_route=\/wp\/v2\/pages\/230","targetHints":{"allow":["GET"]}}],"collection":[{"href":"https:\/\/3rcirculart.com\/index.php?rest_route=\/wp\/v2\/pages"}],"about":[{"href":"https:\/\/3rcirculart.com\/index.php?rest_route=\/wp\/v2\/types\/page"}],"author":[{"embeddable":true,"href":"https:\/\/3rcirculart.com\/index.php?rest_route=\/wp\/v2\/users\/1"}],"replies":[{"embeddable":true,"href":"https:\/\/3rcirculart.com\/index.php?rest_route=%2Fwp%2Fv2%2Fcomments&post=230"}],"version-history":[{"count":6,"href":"https:\/\/3rcirculart.com\/index.php?rest_route=\/wp\/v2\/pages\/230\/revisions"}],"predecessor-version":[{"id":3210,"href":"https:\/\/3rcirculart.com\/index.php?rest_route=\/wp\/v2\/pages\/230\/revisions\/3210"}],"wp:attachment":[{"href":"https:\/\/3rcirculart.com\/index.php?rest_route=%2Fwp%2Fv2%2Fmedia&parent=230"}],"curies":[{"name":"wp","href":"https:\/\/api.w.org\/{rel}","templated":true}]}}